{"id":123,"date":"2024-12-04T19:02:27","date_gmt":"2024-12-04T19:02:27","guid":{"rendered":"https:\/\/cleanted.com\/?page_id=123"},"modified":"2024-12-04T19:31:36","modified_gmt":"2024-12-04T19:31:36","slug":"123-2","status":"publish","type":"page","link":"https:\/\/cleanted.com\/?page_id=123","title":{"rendered":"Mentions l\u00e9gales"},"content":{"rendered":"<p>[et_pb_section fb_built=\u00a0\u00bb1&Prime; admin_label=\u00a0\u00bbFeature\u00a0\u00bb _builder_version=\u00a0\u00bb4.27.2&Prime; custom_padding=\u00a0\u00bb0|0px|16px|0px|false|false\u00a0\u00bb hover_enabled=\u00a0\u00bb0&Prime; global_colors_info=\u00a0\u00bb{}\u00a0\u00bb title_text=\u00a0\u00bbcleaning-services-01&Prime; background_image=\u00a0\u00bbhttps:\/\/cleanted.com\/wp-content\/uploads\/2024\/10\/cleaning-services-01.png\u00a0\u00bb sticky_enabled=\u00a0\u00bb0&Prime;][et_pb_row column_structure=\u00a0\u00bb1_2,1_2&Prime; make_equal=\u00a0\u00bbon\u00a0\u00bb _builder_version=\u00a0\u00bb4.27.2&Prime; width=\u00a0\u00bb90%\u00a0\u00bb max_width=\u00a0\u00bb90%\u00a0\u00bb module_alignment=\u00a0\u00bbleft\u00a0\u00bb custom_padding=\u00a0\u00bb0|0px|0px|0px|false|false\u00a0\u00bb use_custom_width=\u00a0\u00bbon\u00a0\u00bb width_unit=\u00a0\u00bboff\u00a0\u00bb custom_width_percent=\u00a0\u00bb90%\u00a0\u00bb global_colors_info=\u00a0\u00bb{}\u00a0\u00bb][et_pb_column type=\u00a0\u00bb1_2&Prime; _builder_version=\u00a0\u00bb4.16&Prime; custom_padding=\u00a0\u00bb|||\u00a0\u00bb global_colors_info=\u00a0\u00bb{}\u00a0\u00bb custom_padding__hover=\u00a0\u00bb|||\u00a0\u00bb][et_pb_image src=\u00a0\u00bbhttps:\/\/cleanted.com\/wp-content\/uploads\/2024\/12\/cleaning-services-17-1.jpg\u00a0\u00bb force_fullwidth=\u00a0\u00bbon\u00a0\u00bb align_tablet=\u00a0\u00bbcenter\u00a0\u00bb align_phone=\u00a0\u00bbcenter\u00a0\u00bb align_last_edited=\u00a0\u00bbon|desktop\u00a0\u00bb _builder_version=\u00a0\u00bb4.16&Prime; global_colors_info=\u00a0\u00bb{}\u00a0\u00bb][\/et_pb_image][\/et_pb_column][et_pb_column type=\u00a0\u00bb1_2&Prime; _builder_version=\u00a0\u00bb4.16&Prime; custom_padding=\u00a0\u00bb60px|||\u00a0\u00bb custom_padding_tablet=\u00a0\u00bb0px|||10%||false\u00a0\u00bb custom_padding_phone=\u00a0\u00bb|||\u00a0\u00bb custom_padding_last_edited=\u00a0\u00bbon|tablet\u00a0\u00bb global_colors_info=\u00a0\u00bb{}\u00a0\u00bb padding_phone=\u00a0\u00bb|||\u00a0\u00bb padding_tablet=\u00a0\u00bb0px|||10%||false\u00a0\u00bb padding_last_edited=\u00a0\u00bbon|tablet\u00a0\u00bb custom_padding__hover=\u00a0\u00bb|||\u00a0\u00bb][et_pb_text _builder_version=\u00a0\u00bb4.16&Prime; text_font=\u00a0\u00bb||||||||\u00a0\u00bb text_font_size=\u00a0\u00bb15px\u00a0\u00bb text_line_height=\u00a0\u00bb2em\u00a0\u00bb header_font=\u00a0\u00bb||||||||\u00a0\u00bb header_2_font=\u00a0\u00bbUbuntu|700|||||||\u00a0\u00bb header_2_font_size=\u00a0\u00bb40px\u00a0\u00bb header_2_line_height=\u00a0\u00bb1.4em\u00a0\u00bb header_2_font_size_tablet=\u00a0\u00bb\u00a0\u00bb header_2_font_size_phone=\u00a0\u00bb24px\u00a0\u00bb header_2_font_size_last_edited=\u00a0\u00bbon|phone\u00a0\u00bb global_colors_info=\u00a0\u00bb{}\u00a0\u00bb]<\/p>\n<h2>Mentions l\u00e9gales<\/h2>\n<p>[\/et_pb_text][et_pb_text _builder_version=\u00a0\u00bb4.27.2&Prime; _module_preset=\u00a0\u00bbdefault\u00a0\u00bb global_colors_info=\u00a0\u00bb{}\u00a0\u00bb]<\/p>\n<p><strong>\u00c9dition du site<\/strong><br \/>Ce site est \u00e9dit\u00e9 par la soci\u00e9t\u00e9 Cleanted.<\/p>\n<p><strong>Directeur de la publication :<\/strong> Varol CALIKTOR et Metin ARISOY<br \/>Ce site est la propri\u00e9t\u00e9 exclusive de Cleanted. Tous les contenus pr\u00e9sents sur ce site, qu\u2019ils<br \/>soient cr\u00e9\u00e9s, con\u00e7us ou acquis par Cleanted sont prot\u00e9g\u00e9s par les lois relatives \u00e0 la propri\u00e9t\u00e9<br \/>intellectuelle.<br \/>Conform\u00e9ment \u00e0 la loi n\u00b0 78-17 du 6 janvier 1978 relative \u00e0 l\u2019informatique, aux fichiers et<br \/>aux libert\u00e9s, vous disposez d\u2019un droit d\u2019acc\u00e8s, de modification et de rectification des<br \/>donn\u00e9es vous concernant. Pour exercer ces droits, vous pouvez nous contacter \u00e0 l\u2019adresse<br \/>suivante : <a href=\"mailto:contact@cleanted.fr\">contact@cleanted.fr<\/a>.<\/p>\n<p><strong>H\u00e9bergement du site<\/strong><br \/>Ce site est h\u00e9berg\u00e9 par : AWS France<\/p>\n<p><strong>Propri\u00e9t\u00e9 intellectuelle<\/strong><br \/>L\u2019ensemble du contenu de ce site (textes, images, vid\u00e9os, graphismes, logos, ic\u00f4nes, etc.) est<br \/>prot\u00e9g\u00e9 par les l\u00e9gislations fran\u00e7aise et internationale en mati\u00e8re de droit d\u2019auteur et de<br \/>propri\u00e9t\u00e9 intellectuelle. Toute reproduction, diffusion, modification ou utilisation, sous<br \/>quelque forme que ce soit, est strictement interdite sans l\u2019autorisation \u00e9crite pr\u00e9alable de<br \/>Cleanted.<\/p>\n<p>[\/et_pb_text][\/et_pb_column][\/et_pb_row][\/et_pb_section]<\/p>\n","protected":false},"excerpt":{"rendered":"<p>Mentions l\u00e9gales\u00c9dition du siteCe site est \u00e9dit\u00e9 par la soci\u00e9t\u00e9 Cleanted. Directeur de la publication : Varol CALIKTOR et Metin ARISOYCe site est la propri\u00e9t\u00e9 exclusive de Cleanted. Tous les contenus pr\u00e9sents sur ce site, qu\u2019ilssoient cr\u00e9\u00e9s, con\u00e7us ou acquis par Cleanted sont prot\u00e9g\u00e9s par les lois relatives \u00e0 la propri\u00e9t\u00e9intellectuelle.Conform\u00e9ment \u00e0 la loi n\u00b0 [&hellip;]<\/p>\n","protected":false},"author":1,"featured_media":0,"parent":0,"menu_order":0,"comment_status":"closed","ping_status":"closed","template":"","meta":{"_et_pb_use_builder":"on","_et_pb_old_content":"","_et_gb_content_width":"","footnotes":""},"class_list":["post-123","page","type-page","status-publish","hentry"],"_links":{"self":[{"href":"https:\/\/cleanted.com\/index.php?rest_route=\/wp\/v2\/pages\/123","targetHints":{"allow":["GET"]}}],"collection":[{"href":"https:\/\/cleanted.com\/index.php?rest_route=\/wp\/v2\/pages"}],"about":[{"href":"https:\/\/cleanted.com\/index.php?rest_route=\/wp\/v2\/types\/page"}],"author":[{"embeddable":true,"href":"https:\/\/cleanted.com\/index.php?rest_route=\/wp\/v2\/users\/1"}],"replies":[{"embeddable":true,"href":"https:\/\/cleanted.com\/index.php?rest_route=%2Fwp%2Fv2%2Fcomments&post=123"}],"version-history":[{"count":4,"href":"https:\/\/cleanted.com\/index.php?rest_route=\/wp\/v2\/pages\/123\/revisions"}],"predecessor-version":[{"id":134,"href":"https:\/\/cleanted.com\/index.php?rest_route=\/wp\/v2\/pages\/123\/revisions\/134"}],"wp:attachment":[{"href":"https:\/\/cleanted.com\/index.php?rest_route=%2Fwp%2Fv2%2Fmedia&parent=123"}],"curies":[{"name":"wp","href":"https:\/\/api.w.org\/{rel}","templated":true}]}}